{"id":150,"date":"2016-08-13T05:16:36","date_gmt":"2016-08-13T05:16:36","guid":{"rendered":"https:\/\/212.51.210.187\/wordpress\/event\/?page_id=150"},"modified":"2019-04-16T07:04:40","modified_gmt":"2019-04-16T07:04:40","slug":"promotions-and-product-launches","status":"publish","type":"page","link":"https:\/\/1kbsw.p.lodz.pl\/?page_id=150","title":{"rendered":"Op\u0142aty"},"content":{"rendered":"\n<figure class=\"wp-block-image is-resized\"><img loading=\"lazy\" decoding=\"async\" src=\"http:\/\/1kbsw.p.lodz.pl\/wp-content\/uploads\/2019\/01\/oplaty.png\" alt=\"\" class=\"wp-image-1207\" width=\"600\" height=\"314\"\/><\/figure>\n\n\n<p><strong>Op\u0142ata kongresowa:<\/strong><\/p>\n<p>Op\u0142ata jest zwolniona z podatku VAT i nie obejmuje koszt\u00f3w nocleg\u00f3w.<\/p>\n<p><strong>Termin wp\u0142at<\/strong><\/p>\n<ul>\n<li>do 15 kwietnia 2019 r. \u2013 600,00 z\u0142; <br \/>dla drugiej i ka\u017cdej kolejnej osoby z tej samej biblioteki\/jednostki op\u0142ata wynosi 500,00 z\u0142<\/li>\n<li><span style=\"color: #ff0000;\">od 16 kwietnia 2019 r. \u2013 700,00 z\u0142<\/span><\/li>\n<\/ul>\n<p><strong>\u00a0<\/strong><\/p>\n<p><strong>Konto do przelew\u00f3w op\u0142at konferencyjnych:<\/strong><\/p>\n<p><strong>W\u0142a\u015bciciel konta:<br \/><\/strong>Politechnika \u0141\u00f3dzka. Biblioteka<br \/>ul. \u017beromskiego 116 | 90-924 \u0141\u00f3d\u017a<\/p>\n<ul>\n<li>dla p\u0142atno\u015bci w z\u0142otych: 67 1240 3028 1111 0010 5789 8976<\/li>\n<\/ul>\n<p>\u00a0<\/p>\n<p><strong>W\u0142a\u015bciciel konta:<br \/><\/strong>Politechnika \u0141\u00f3dzka<br \/>ul. \u017beromskiego 116 | 90-924 \u0141\u00f3d\u017a<\/p>\n<ul>\n<li>dla p\u0142atno\u015bci w EUR: SWIFT: PKOPPLPW PL56 1240 3028 1978 0000 2822 2358<\/li>\n<li>dla p\u0142atno\u015bci w USD: SWIFT: PKOPPLPW PL91 1240 3028 1787 0000 2822 2257<\/li>\n<\/ul>\n<p>\u00a0<\/p>\n<p><strong>Tytu\u0142 wp\u0142aty:<\/strong><br \/>I Kongres Bibliotek Szk\u00f3\u0142 Wy\u017cszych + imi\u0119 i nazwisko uczestnika + nazwa (instytucji)<\/p>\n<hr \/>\n<p><strong><span style=\"color: #ff0000;\">Uwaga:<\/span><\/strong><\/p>\n<p><strong>Faktura<\/strong> wystawiana jest <strong>w ci\u0105gu 7 dni<\/strong> od dnia wp\u0142ywu na wskazane wy\u017cej konto.<\/p>\n<p>Biblioteka Politechniki \u0141\u00f3dzkiej nie wystawia faktur proforma.<\/p>\n<p>\u00a0<\/p>","protected":false},"excerpt":{"rendered":"<p>\t\t\t\t<![CDATA[]]>\t\t<\/p>\n","protected":false},"author":2,"featured_media":0,"parent":357,"menu_order":0,"comment_status":"closed","ping_status":"closed","template":"","meta":{"footnotes":""},"class_list":["post-150","page","type-page","status-publish","hentry"],"_links":{"self":[{"href":"https:\/\/1kbsw.p.lodz.pl\/index.php?rest_route=\/wp\/v2\/pages\/150","targetHints":{"allow":["GET"]}}],"collection":[{"href":"https:\/\/1kbsw.p.lodz.pl\/index.php?rest_route=\/wp\/v2\/pages"}],"about":[{"href":"https:\/\/1kbsw.p.lodz.pl\/index.php?rest_route=\/wp\/v2\/types\/page"}],"author":[{"embeddable":true,"href":"https:\/\/1kbsw.p.lodz.pl\/index.php?rest_route=\/wp\/v2\/users\/2"}],"replies":[{"embeddable":true,"href":"https:\/\/1kbsw.p.lodz.pl\/index.php?rest_route=%2Fwp%2Fv2%2Fcomments&post=150"}],"version-history":[{"count":5,"href":"https:\/\/1kbsw.p.lodz.pl\/index.php?rest_route=\/wp\/v2\/pages\/150\/revisions"}],"predecessor-version":[{"id":2360,"href":"https:\/\/1kbsw.p.lodz.pl\/index.php?rest_route=\/wp\/v2\/pages\/150\/revisions\/2360"}],"up":[{"embeddable":true,"href":"https:\/\/1kbsw.p.lodz.pl\/index.php?rest_route=\/wp\/v2\/pages\/357"}],"wp:attachment":[{"href":"https:\/\/1kbsw.p.lodz.pl\/index.php?rest_route=%2Fwp%2Fv2%2Fmedia&parent=150"}],"curies":[{"name":"wp","href":"https:\/\/api.w.org\/{rel}","templated":true}]}}