{"id":168,"date":"2016-08-13T06:26:02","date_gmt":"2016-08-13T06:26:02","guid":{"rendered":"https:\/\/212.51.210.187\/wordpress\/event\/?page_id=168"},"modified":"2019-06-06T08:28:42","modified_gmt":"2019-06-06T08:28:42","slug":"augue-eleifend-libero","status":"publish","type":"page","link":"https:\/\/1kbsw.p.lodz.pl\/?page_id=168","title":{"rendered":"Miejsce Kongresu"},"content":{"rendered":"\n<figure class=\"wp-block-image is-resized\"><img loading=\"lazy\" decoding=\"async\" src=\"http:\/\/1kbsw.p.lodz.pl\/wp-content\/uploads\/2019\/01\/MIEJSCE-KONGRESU.png\" alt=\"\" class=\"wp-image-1167\" width=\"600\" height=\"314\"\/><\/figure>\n\n\n<h4><strong>12 czerwca 2019<\/strong><\/h4>\n<p><strong>OBRADY<br \/>Politechnika \u0141\u00f3dzka &#8211; aula w Instytucie Fizyki Politechniki \u0141\u00f3dzkiej <\/strong> (wej\u015bcie do budynku <strong>B14<\/strong>)<\/p>\n<p><iframe loading=\"lazy\" style=\"border: 0;\" src=\"https:\/\/www.google.com\/maps\/embed?pb=!1m18!1m12!1m3!1d2470.261306474993!2d19.453214315778762!3d51.74654517967507!2m3!1f0!2f0!3f0!3m2!1i1024!2i768!4f13.1!3m3!1m2!1s0x471a34dc57758f43%3A0x38c2cb0671da06e!2sInstytut+Fizyki+Politechniki+%C5%81%C3%B3dzkiej!5e0!3m2!1spl!2spl!4v1551957520848\" width=\"600\" height=\"450\" frameborder=\"0\" allowfullscreen=\"allowfullscreen\"><\/iframe><\/p>\n<p>WARSZTATY w Bibliotece G\u0142\u00f3wnej P\u0141 (budynek <strong>B22<\/strong>)<\/p>\n<p>Mapa kampusu: <a href=\"https:\/\/www.p.lodz.pl\/pl\/mapa-poludniowa\">https:\/\/www.p.lodz.pl\/pl\/mapa-poludniowa<\/a><\/p>\n<p><em>Aktualny rozk\u0142ad jazdy tramwaj\u00f3w i autobus\u00f3w, wyszukiwanie po\u0142\u0105cze\u0144: <a href=\"http:\/\/mpk.lodz.pl\/\">http:\/\/mpk.lodz.pl\/<\/a><\/em><\/p>\n<p><em>przystanki w pobli\u017cu P\u0141<\/em><br \/><em>1. Politechniki \/ Wr\u00f3blewskiego (kampus P\u0141) \u2013 tramwaje: 15, 16, 17; autobusy: 55, 74A, 74B<\/em><br \/><em>2. W\u00f3lcza\u0144ska \/ Czerwona \u2013 autobus 57<\/em><br \/><em>3. Piotrkowska \/ Czerwona \u2013 tramwaje: 2, 3, 6, 7, 11, 14<\/em><\/p>\n<p><em>Samochodem <br \/>wjazd na parking od ulicy W\u00f3lcza\u0144skiej 223 na has\u0142o: &#8222;kongres bibliotek&#8221;<\/em><\/p>\n<hr \/>\n<h4><strong>13-14 czerwca 2019<\/strong><\/h4>\n<p><strong>Uniwersytet \u0141\u00f3dzki &#8211; Wydzia\u0142 Filologiczny Uniwersytetu \u0141\u00f3dzkiego<\/strong><\/p>\n<p><iframe loading=\"lazy\" style=\"border: 0;\" src=\"https:\/\/www.google.com\/maps\/embed?pb=!1m18!1m12!1m3!1d2468.6512777831485!2d19.492391715914184!3d51.77598199885048!2m3!1f0!2f0!3f0!3m2!1i1024!2i768!4f13.1!3m3!1m2!1s0x471bcb3f1a4b8af7%3A0x6229401178e2f57a!2sWydzia%C5%82+Filologiczny+Uniwersytetu+%C5%81%C3%B3dzkiego!5e0!3m2!1spl!2spl!4v1541423192772\" width=\"600\" height=\"450\" frameborder=\"0\" allowfullscreen=\"allowfullscreen\"><\/iframe><\/p>\n<p><em>przystanki w pobli\u017cu U\u0141<\/em><br \/><em>4. Pomorska \/ Lumumby (kampus U\u0141) \u2013 tramwaje: 15, 17<\/em><br \/><em>5. Narutowicza \/ Radiostacja \u2013 tramwaje: 12, 18<\/em><\/p>\n<p><em>Samochodem <br \/>wjazd na parking od ulicy Pomorskiej<\/em><\/p>\n\n\n<p><\/p>\n","protected":false},"excerpt":{"rendered":"<p>\t\t\t\t<![CDATA[]]>\t\t<\/p>\n","protected":false},"author":2,"featured_media":0,"parent":357,"menu_order":0,"comment_status":"closed","ping_status":"closed","template":"","meta":{"footnotes":""},"class_list":["post-168","page","type-page","status-publish","hentry"],"_links":{"self":[{"href":"https:\/\/1kbsw.p.lodz.pl\/index.php?rest_route=\/wp\/v2\/pages\/168","targetHints":{"allow":["GET"]}}],"collection":[{"href":"https:\/\/1kbsw.p.lodz.pl\/index.php?rest_route=\/wp\/v2\/pages"}],"about":[{"href":"https:\/\/1kbsw.p.lodz.pl\/index.php?rest_route=\/wp\/v2\/types\/page"}],"author":[{"embeddable":true,"href":"https:\/\/1kbsw.p.lodz.pl\/index.php?rest_route=\/wp\/v2\/users\/2"}],"replies":[{"embeddable":true,"href":"https:\/\/1kbsw.p.lodz.pl\/index.php?rest_route=%2Fwp%2Fv2%2Fcomments&post=168"}],"version-history":[{"count":7,"href":"https:\/\/1kbsw.p.lodz.pl\/index.php?rest_route=\/wp\/v2\/pages\/168\/revisions"}],"predecessor-version":[{"id":3331,"href":"https:\/\/1kbsw.p.lodz.pl\/index.php?rest_route=\/wp\/v2\/pages\/168\/revisions\/3331"}],"up":[{"embeddable":true,"href":"https:\/\/1kbsw.p.lodz.pl\/index.php?rest_route=\/wp\/v2\/pages\/357"}],"wp:attachment":[{"href":"https:\/\/1kbsw.p.lodz.pl\/index.php?rest_route=%2Fwp%2Fv2%2Fmedia&parent=168"}],"curies":[{"name":"wp","href":"https:\/\/api.w.org\/{rel}","templated":true}]}}