{"id":186,"date":"2016-08-25T09:36:33","date_gmt":"2016-08-25T09:36:33","guid":{"rendered":"https:\/\/212.51.210.187\/wordpress\/event\/?page_id=186"},"modified":"2019-03-28T12:06:31","modified_gmt":"2019-03-28T12:06:31","slug":"contact-us","status":"publish","type":"page","link":"https:\/\/1kbsw.p.lodz.pl\/?page_id=186","title":{"rendered":"Kontakt"},"content":{"rendered":"\n<figure class=\"wp-block-image is-resized\"><img loading=\"lazy\" decoding=\"async\" src=\"http:\/\/1kbsw.p.lodz.pl\/wp-content\/uploads\/2019\/02\/kontakt.png\" alt=\"\" class=\"wp-image-1247\" width=\"600\" height=\"314\"\/><\/figure>\n\n\n<p><strong>Pytania zwi\u0105zane z organizacja Kongresu prosz\u0119 kierowa\u0107 na adres:<\/strong><br>kongres@lib.p.lodz.pl<br>+48 42 631 20 59<\/p>\n<p><strong>Strona na Facebook&#8217;u<\/strong><br><a href=\"https:\/\/www.facebook.com\/KongresBSW\">facebook.com\/KongresBSW<\/a><\/p>\n<p><strong>Kontakt drog\u0105 pocztow\u0105:<\/strong><br>Biblioteka Politechniki \u0141\u00f3dzkiej, Budynek B22<br>W\u00f3lcza\u0144ska 223, 90-924 \u0141\u00f3d\u017a<\/p>\n<p><strong>Lokalizacja:<\/strong><\/p>\n<p><iframe loading=\"lazy\" style=\"border: 0;\" src=\"https:\/\/www.google.com\/maps\/embed?pb=!1m18!1m12!1m3!1d2470.311444116156!2d19.45224331502539!3d51.74562830107881!2m3!1f0!2f0!3f0!3m2!1i1024!2i768!4f13.1!3m3!1m2!1s0x471a34dd02906683%3A0x3c42cb3b4ab7a990!2sLibrary+of+Technical+University+of+Lodz!5e0!3m2!1sen!2spl!4v1538501161564\" width=\"600\" height=\"350\" frameborder=\"0\" allowfullscreen=\"allowfullscreen\"><\/iframe><\/p>\n<p>&nbsp;<\/p>","protected":false},"excerpt":{"rendered":"<p>\t\t\t\t<![CDATA[]]>\t\t<\/p>\n","protected":false},"author":2,"featured_media":0,"parent":357,"menu_order":0,"comment_status":"closed","ping_status":"closed","template":"","meta":{"footnotes":""},"class_list":["post-186","page","type-page","status-publish","hentry"],"_links":{"self":[{"href":"https:\/\/1kbsw.p.lodz.pl\/index.php?rest_route=\/wp\/v2\/pages\/186","targetHints":{"allow":["GET"]}}],"collection":[{"href":"https:\/\/1kbsw.p.lodz.pl\/index.php?rest_route=\/wp\/v2\/pages"}],"about":[{"href":"https:\/\/1kbsw.p.lodz.pl\/index.php?rest_route=\/wp\/v2\/types\/page"}],"author":[{"embeddable":true,"href":"https:\/\/1kbsw.p.lodz.pl\/index.php?rest_route=\/wp\/v2\/users\/2"}],"replies":[{"embeddable":true,"href":"https:\/\/1kbsw.p.lodz.pl\/index.php?rest_route=%2Fwp%2Fv2%2Fcomments&post=186"}],"version-history":[{"count":4,"href":"https:\/\/1kbsw.p.lodz.pl\/index.php?rest_route=\/wp\/v2\/pages\/186\/revisions"}],"predecessor-version":[{"id":2281,"href":"https:\/\/1kbsw.p.lodz.pl\/index.php?rest_route=\/wp\/v2\/pages\/186\/revisions\/2281"}],"up":[{"embeddable":true,"href":"https:\/\/1kbsw.p.lodz.pl\/index.php?rest_route=\/wp\/v2\/pages\/357"}],"wp:attachment":[{"href":"https:\/\/1kbsw.p.lodz.pl\/index.php?rest_route=%2Fwp%2Fv2%2Fmedia&parent=186"}],"curies":[{"name":"wp","href":"https:\/\/api.w.org\/{rel}","templated":true}]}}