{"id":211,"date":"2016-08-26T15:54:14","date_gmt":"2016-08-26T15:54:14","guid":{"rendered":"https:\/\/212.51.210.187\/wordpress\/event\/my-account\/"},"modified":"2019-06-10T10:18:18","modified_gmt":"2019-06-10T10:18:18","slug":"my-account","status":"publish","type":"page","link":"https:\/\/1kbsw.p.lodz.pl\/?page_id=211","title":{"rendered":"Warsztaty"},"content":{"rendered":"<p>8:30\u201310:30 Warsztaty sponsorskie<\/p>\n<p>11:00\u201313:00 Warsztaty merytoryczne<\/p>\n<hr \/>\n<p style=\"text-align: center;\"><strong>WARSZTATY SPONSORSKIE<\/strong><\/p>\n<hr \/>\n<p><strong>InCites \u2013 jak prowadzi\u0107 kompleksow\u0105 i skuteczn\u0105 analiz\u0119 dorobku naukowego<\/strong><br \/>\n<img loading=\"lazy\" decoding=\"async\" class=\"alignnone  wp-image-1396\" src=\"\/wp-content\/uploads\/2019\/02\/Kapczynski.png\" alt=\"\" width=\"200\" height=\"200\" \/><br \/>\n<strong>Marcin Kapczy\u0144ski<\/strong><br \/>\nClarivate Analytics<br \/>\nBiogram         <div class=\"rmwr-wrapper\" \n             data-id=\"rmwr-69f8ad836630e\"\n             data-mode=\"normal\"\n             data-animation=\"fade\"\n             data-duration=\"300\"\n             data-smooth-scroll=\"true\"\n             data-scroll-offset=\"0\">\n            <button \n                type=\"button\"\n                class=\"read-link\" \n                id=\"readlinkrmwr-69f8ad836630e\"\n                data-open-text=\"Wi\u0119cej\"\n                data-close-text=\"Mniej\"\n                aria-expanded=\"false\"\n                aria-controls=\"readrmwr-69f8ad836630e\"\n                aria-label=\"Wi\u0119cej\"\n            >\n                <span class=\"rmwr-text\">Wi\u0119cej<\/span>\n            <\/button>\n            <div \n                class=\"read_div\" \n                id=\"readrmwr-69f8ad836630e\"\n                aria-hidden=\"true\"\n                data-animation=\"fade\"\n                data-duration=\"300\"\n                style=\"display: none;\"\n            >\n                 Absolwent Wydzia\u0142u Filozofii Chrze\u015bcija\u0144skiej Uniwersytetu Kardyna\u0142a Wyszy\u0144skiego w Warszawie, psycholog. Pocz\u0105tkowo zwi\u0105zany z konsultingiem doradza\u0142 klientom reprezentuj\u0105cym r\u00f3\u017cne bran\u017ce. W Thomson Reuters (obecnie Clarivate Analytics) od 2010 r. W swojej pracy zajmuje si\u0119 g\u0142\u00f3wnie: przybli\u017caniem arkan bibliometrii, prowadzeniem szkole\u0144 oraz \u015bwiadczeniem wsparcia u\u017cytkownikom zasob\u00f3w udost\u0119pnianych w ramach Wirtualnej Biblioteki Nauki. Jako go\u015b\u0107 wielu wydarze\u0144 i konferencji naukowych ma mo\u017cliwo\u015b\u0107 wsp\u00f3\u0142uczestniczenia w procesach zwi\u0105zanych z kszta\u0142towaniem obrazu nauki polskiej, jak i do\u015bwiadczania wielu wyzwa\u0144 stoj\u0105cych przed \u015brodowiskiem akademickim. Swoje zainteresowania, poza bibliometri\u0105, skupia na metodach badania r\u00f3\u017cnic indywidualnych, inteligencji, styl\u00f3w poznawczych, kompetencji interpersonalnych.            <\/div>\n        <\/div>\n        <\/p>\n<hr \/>\n<p><strong>Warsztat z bazy SciFinder<\/strong> (w j\u0119zyku angielskim)<br \/>\n<img loading=\"lazy\" decoding=\"async\" class=\"alignnone  wp-image-1397\" src=\"\/wp-content\/uploads\/2019\/02\/Hyttinen.png\" alt=\"\" width=\"200\" height=\"200\" \/><br \/>\n<strong>Veli-Pekka Hyttinen<\/strong><br \/>\nACS International<br \/>\nBiogram         <div class=\"rmwr-wrapper\" \n             data-id=\"rmwr-69f8ad8366411\"\n             data-mode=\"normal\"\n             data-animation=\"fade\"\n             data-duration=\"300\"\n             data-smooth-scroll=\"true\"\n             data-scroll-offset=\"0\">\n            <button \n                type=\"button\"\n                class=\"read-link\" \n                id=\"readlinkrmwr-69f8ad8366411\"\n                data-open-text=\"Wi\u0119cej\"\n                data-close-text=\"Mniej\"\n                aria-expanded=\"false\"\n                aria-controls=\"readrmwr-69f8ad8366411\"\n                aria-label=\"Wi\u0119cej\"\n            >\n                <span class=\"rmwr-text\">Wi\u0119cej<\/span>\n            <\/button>\n            <div \n                class=\"read_div\" \n                id=\"readrmwr-69f8ad8366411\"\n                aria-hidden=\"true\"\n                data-animation=\"fade\"\n                data-duration=\"300\"\n                style=\"display: none;\"\n            >\n                 I have been working as Sr. Account manager for ACS International for 11 years currently. I have created new market and revenue in Central and Eastern Europe including Finland and Russia. With the use of my good social and business skills in relation with six languages I have expanded invaluable network of our customers, scientists and IPR specialists in many new countries. I represent Chemical Abstracts Service (CAS), a subdivision of American Chemical Society (ACS), and the world&#8217;s leading chemical and life science information tools SciFinder\u00ae and STN\u00ae. Being responsible for marketing, international conferences, exhibitions and seminars and travelling in 12 countries, I negotiate also complicated licenses including tenders for academic, corporate and government agreements.<br \/>\nBiology, chemistry and Russian was a start of my academic studies at University of Joensuu in 1985-87, which was followed by one year of working and learning Russian in Moscow. I moved to study biochemistry, pharmacology and virology at the University of Turku and participated in international research of \u201dMolecular Biology of ECHO Viruses\u201d for 2 years and received M.Sc. in Biochemistry in November 1992. I was a free-lance translator of patent and scientific documents from English, German and Swedish into Finnish and guided tours in Sovjet Union and Russia for many years until 1996 for English, German and Swedish speaking tourists.<br \/>\nIntellectual Property and especially patents have played an important role in my career since 1992. First as an examiner at the Finnish Patent Office. After working for a year as Patent Information Specialist at Neste Oil Corporation, I went back to the Patent Office in 2007 to build patent information services in Finland and to network with international esp@cenet and WIPO projects. I received degree in Information and Knowledge Management in 1999 since then I was an active member of Nordic and International network of information professionals. During 2004-2008 I was a vice president of the Finnish Information Specialists.            <\/div>\n        <\/div>\n        <\/p>\n<hr \/>\n<p style=\"text-align: center;\"><strong>WARSZTATY MERYTORYCZNE<\/strong><\/p>\n<hr \/>\n<p><strong>Bibliometria w pracy bibliotekarza akademickiego \u2013 wybrane zagadnienia<\/strong>         <div class=\"rmwr-wrapper\" \n             data-id=\"rmwr-69f8ad836643e\"\n             data-mode=\"normal\"\n             data-animation=\"fade\"\n             data-duration=\"300\"\n             data-smooth-scroll=\"true\"\n             data-scroll-offset=\"0\">\n            <button \n                type=\"button\"\n                class=\"read-link\" \n                id=\"readlinkrmwr-69f8ad836643e\"\n                data-open-text=\"Wi\u0119cej\"\n                data-close-text=\"Mniej\"\n                aria-expanded=\"false\"\n                aria-controls=\"readrmwr-69f8ad836643e\"\n                aria-label=\"Wi\u0119cej\"\n            >\n                <span class=\"rmwr-text\">Wi\u0119cej<\/span>\n            <\/button>\n            <div \n                class=\"read_div\" \n                id=\"readrmwr-69f8ad836643e\"\n                aria-hidden=\"true\"\n                data-animation=\"fade\"\n                data-duration=\"300\"\n                style=\"display: none;\"\n            >\n                 Podczas warsztat\u00f3w w spos\u00f3b uporz\u0105dkowany przedstawione zostan\u0105 podstawowe informacje o danych podlegaj\u0105cych analizie, metodach bada\u0144 bibliometrycznych i mo\u017cliwo\u015bciach ich wykorzystania. B\u0119d\u0105 rozmowy o wska\u017anikach aktywno\u015bci publikacyjnej i cytowalno\u015bci, analizach trend\u00f3w w badaniach naukowych, sieciach wsp\u00f3\u0142pracy, rankingach oraz stosowaniu metod bibliometrycznych w webometrii. Bibliometria intensywnie korzysta z metod matematycznych i statystycznych, kt\u00f3re zostan\u0105 jedynie zasygnalizowane \u2013 uczestnicy nie b\u0119d\u0105 zag\u0142\u0119bia\u0107 si\u0119 ani w modele matematyczne, ani we wzory opisuj\u0105ce poszczeg\u00f3lne wska\u017aniki. Rozmowy skupi\u0105 si\u0119 raczej na bibliometrii w nauce i na us\u0142ugach polityki naukowej, a tak\u017ce na aktualnych i przewidywanych obszarach wykorzystania bada\u0144 bibliometrycznych przez naukowc\u00f3w i bibliotekarzy akademickich.            <\/div>\n        <\/div>\n        <br \/>\n<img loading=\"lazy\" decoding=\"async\" class=\"alignnone  wp-image-1396\" src=\"http:\/\/1kbsw.p.lodz.pl\/wp-content\/uploads\/2019\/02\/Marcinek.png\" alt=\"\" width=\"200\" height=\"200\" \/><br \/>\n<strong>Marzena Marcinek<\/strong><br \/>\nBiblioteka Politechniki Krakowskiej, Stowarzyszenie EBIB<br \/>\nBiogram         <div class=\"rmwr-wrapper\" \n             data-id=\"rmwr-69f8ad8366462\"\n             data-mode=\"normal\"\n             data-animation=\"fade\"\n             data-duration=\"300\"\n             data-smooth-scroll=\"true\"\n             data-scroll-offset=\"0\">\n            <button \n                type=\"button\"\n                class=\"read-link\" \n                id=\"readlinkrmwr-69f8ad8366462\"\n                data-open-text=\"Wi\u0119cej\"\n                data-close-text=\"Mniej\"\n                aria-expanded=\"false\"\n                aria-controls=\"readrmwr-69f8ad8366462\"\n                aria-label=\"Wi\u0119cej\"\n            >\n                <span class=\"rmwr-text\">Wi\u0119cej<\/span>\n            <\/button>\n            <div \n                class=\"read_div\" \n                id=\"readrmwr-69f8ad8366462\"\n                aria-hidden=\"true\"\n                data-animation=\"fade\"\n                data-duration=\"300\"\n                style=\"display: none;\"\n            >\n                 Uko\u0144czy\u0142a studia podyplomowe z Informacji Naukowej i Bibliotekoznawstwa na Uniwersytecie Jagiello\u0144skim oraz mi\u0119dzynarodowy kurs podyplomowy z zarz\u0105dzana informacj\u0105. W 2016 r. uczestniczy\u0142a w zaj\u0119ciach European Summer School for Scientometrics w Granadzie. Kieruje Oddzia\u0142em Informacji Naukowej i Zespo\u0142em ds. bibliografii w Bibliotece Politechniki Krakowskiej. Na co dzie\u0144 zajmuje si\u0119 weryfikacj\u0105 danych oraz prac\u0105 koncepcyjn\u0105 zwi\u0105zan\u0105 z lokalnymi bazami bibliograficznymi, w szczeg\u00f3lno\u015bci baz\u0105 \u201eBibliografia Publikacji Pracownik\u00f3w PK\u201d i jej dostosowywaniem do zmieniaj\u0105cych si\u0119 reali\u00f3w prawnych i organizacyjnych. Ponadto prowadzi zaj\u0119cia z podstaw informacji naukowej dla student\u00f3w, doktorant\u00f3w i pracownik\u00f3w uczelni. Redaguje \u201eBiuletyn EBIB\u201d. Interesuje si\u0119 komunikacj\u0105 naukow\u0105.            <\/div>\n        <\/div>\n        <\/p>\n<hr \/>\n<p><strong>Prawo autorskie w uczelnianej bibliotece 2.02<\/strong><br \/>\n<a href=\"http:\/\/1kbsw.p.lodz.pl\/wp-content\/uploads\/2019\/06\/Stanislawska-Kloc1.png\"><img loading=\"lazy\" decoding=\"async\" class=\"alignnone wp-image-2640 \" src=\"http:\/\/1kbsw.p.lodz.pl\/wp-content\/uploads\/2019\/06\/Stanislawska-Kloc1.png\" alt=\"\" width=\"200\" height=\"200\" \/><\/a><br \/>\n<strong>dr Sybilla Stanis\u0142awska-Kloc<\/strong><br \/>\nWydzia\u0142 Prawa i Administracji Uniwersytetu Jagiello\u0144skiego<br \/>\nBiogram         <div class=\"rmwr-wrapper\" \n             data-id=\"rmwr-69f8ad8366490\"\n             data-mode=\"normal\"\n             data-animation=\"fade\"\n             data-duration=\"300\"\n             data-smooth-scroll=\"true\"\n             data-scroll-offset=\"0\">\n            <button \n                type=\"button\"\n                class=\"read-link\" \n                id=\"readlinkrmwr-69f8ad8366490\"\n                data-open-text=\"Wi\u0119cej\"\n                data-close-text=\"Mniej\"\n                aria-expanded=\"false\"\n                aria-controls=\"readrmwr-69f8ad8366490\"\n                aria-label=\"Wi\u0119cej\"\n            >\n                <span class=\"rmwr-text\">Wi\u0119cej<\/span>\n            <\/button>\n            <div \n                class=\"read_div\" \n                id=\"readrmwr-69f8ad8366490\"\n                aria-hidden=\"true\"\n                data-animation=\"fade\"\n                data-duration=\"300\"\n                style=\"display: none;\"\n            >\n                 Absolwentka Wydzia\u0142u Prawa i Administracji Uniwersytetu Jagiello\u0144skiego, doktor nauk prawnych, adwokat. Uko\u0144czy\u0142a aplikacj\u0119 s\u0105dow\u0105 (zako\u0144czon\u0105 egzaminem s\u0119dziowskim) oraz adwokack\u0105. Mediator w post\u0119powaniach s\u0105dowych z zakresu prawa w\u0142asno\u015bci intelektualnej; wpisana na list\u0119 arbitr\u00f3w domenowych s\u0105du przy Krajowej Izbie Gospodarczej.<br \/>\nPracuje w Katedrze Prawa W\u0142asno\u015bci Intelektualnej Wydzia\u0142u Prawa i Administracji Uniwersytetu Jagiello\u0144skiego. Stypendystka Instytutu Maxa Plancka w Monachium (Max Planck Institute for Innovation and Competition), cz\u0142onek Komisji Prawa Autorskiego przy MKiDN w latach 2014-2018.<br \/>\nAutorka monografii Ochrona baz danych oraz autorka lub wsp\u00f3\u0142autorka publikacji naukowych i popularnonaukowych z zakresu prawa w\u0142asno\u015bci intelektualnej, w tym dozwolonego u\u017cytku utwor\u00f3w (wykorzystywania utwor\u00f3w dla dobra os\u00f3b z dysfunkcjami, w dzia\u0142alno\u015bci bibliotek, zgodnie z prawem cytatu), utwor\u00f3w osieroconych, plagiatu, audiodeskrypcji, komercjalizacji wynik\u00f3w bada\u0144 naukowych. Wsp\u00f3\u0142autorka komentarza do ustawy o prawie autorskim i prawach pokrewnych (Prawo autorskie i prawa pokrewne \/ pod red. D. Flisaka. Warszawa: Wolters Kluwer, 2015).            <\/div>\n        <\/div>\n        <\/p>\n<hr \/>\n<p><strong>Si\u0142a tkwi w prostocie \u2013 tw\u00f3rcze warsztaty z rysunku i copywritingu <\/strong>         <div class=\"rmwr-wrapper\" \n             data-id=\"rmwr-69f8ad83664de\"\n             data-mode=\"normal\"\n             data-animation=\"fade\"\n             data-duration=\"300\"\n             data-smooth-scroll=\"true\"\n             data-scroll-offset=\"0\">\n            <button \n                type=\"button\"\n                class=\"read-link\" \n                id=\"readlinkrmwr-69f8ad83664de\"\n                data-open-text=\"Wi\u0119cej\"\n                data-close-text=\"Mniej\"\n                aria-expanded=\"false\"\n                aria-controls=\"readrmwr-69f8ad83664de\"\n                aria-label=\"Wi\u0119cej\"\n            >\n                <span class=\"rmwr-text\">Wi\u0119cej<\/span>\n            <\/button>\n            <div \n                class=\"read_div\" \n                id=\"readrmwr-69f8ad83664de\"\n                aria-hidden=\"true\"\n                data-animation=\"fade\"\n                data-duration=\"300\"\n                style=\"display: none;\"\n            >\n                 Warsztaty skierowane s\u0105 do os\u00f3b, kt\u00f3re chc\u0105 zdoby\u0107 praktyczn\u0105 wiedz\u0119 zwi\u0105zan\u0105 z wykorzystaniem copywritingu i rysunku w praktyce bibliotekarskiej (i nie tylko).<\/p>\n<p>Przebieg warsztat\u00f3w:<\/p>\n<ul>\n<li>o copywritingu s\u0142\u00f3w kilka,<\/li>\n<li>copywriting w praktyce &#8211; zabawa s\u0142owem,<\/li>\n<li>rysowanie &#8211; praktyczne \u0107wiczenia,<\/li>\n<li>zastosowanie i wykorzystanie rysunku,<\/li>\n<li>wykonanie projektu na lnianej torbie.<\/li>\n<\/ul>\n<p>Uczestnicy warsztatu zdob\u0119d\u0105 umiej\u0119tno\u015b\u0107 pisania kr\u00f3tkich, chwytliwych tekst\u00f3w oraz tworzenia prostych grafik, kt\u00f3re b\u0119d\u0105 mogli wykorzysta\u0107 do skutecznej komunikacji w mediach spo\u0142eczno\u015bciowych lub przy tworzeniu gad\u017cet\u00f3w reklamowych.            <\/div>\n        <\/div>\n        <br \/>\n<img loading=\"lazy\" decoding=\"async\" class=\"alignnone  wp-image-1302\" src=\"http:\/\/1kbsw.p.lodz.pl\/wp-content\/uploads\/2019\/02\/Gamrowska.png\" alt=\"\" width=\"200\" height=\"200\" \/><br \/>\n<strong>Beata Gamrowska <\/strong><br \/>\nBiblioteka Uniwersytetu \u0141\u00f3dzkiego<br \/>\nBiogram         <div class=\"rmwr-wrapper\" \n             data-id=\"rmwr-69f8ad8366502\"\n             data-mode=\"normal\"\n             data-animation=\"fade\"\n             data-duration=\"300\"\n             data-smooth-scroll=\"true\"\n             data-scroll-offset=\"0\">\n            <button \n                type=\"button\"\n                class=\"read-link\" \n                id=\"readlinkrmwr-69f8ad8366502\"\n                data-open-text=\"Wi\u0119cej\"\n                data-close-text=\"Mniej\"\n                aria-expanded=\"false\"\n                aria-controls=\"readrmwr-69f8ad8366502\"\n                aria-label=\"Wi\u0119cej\"\n            >\n                <span class=\"rmwr-text\">Wi\u0119cej<\/span>\n            <\/button>\n            <div \n                class=\"read_div\" \n                id=\"readrmwr-69f8ad8366502\"\n                aria-hidden=\"true\"\n                data-animation=\"fade\"\n                data-duration=\"300\"\n                style=\"display: none;\"\n            >\n                 Absolwentka Akademii Fotografii w Warszawie, Pedagogiki regionalnej oraz Dziennikarstwa i Komunikacji Spo\u0142ecznej na Uniwersytecie \u0141o\u0301dzkim. Pracuje w Sekcji Promocji Biblioteki U\u0141. Autorka kilku fotograficznych i rysunkowych wystaw. Na co dzien\u0301 ilustrator, grafik i copywriter. W kaz\u0307dej wolnej chwili tworzy ilustracje oraz pisze proste slogany poprawiaja\u0328ce nastro\u0301j, kto\u0301re prezentuje na fanpage\u2019u Beatarysuje, gdzie od 3 lat powstaje cykl kawowych obrazk\u00f3w. Projektuje ok\u0142adki do ksi\u0105\u017cek oraz ilustruje do opowiada\u0144. Prowadzi warsztaty z my\u015blenia wizualnego.            <\/div>\n        <\/div>\n        <\/p>\n<hr \/>\n<p><strong>Zaplanuj, zaprojektuj, opublikuj &#8211; strategie komunikacji elektronicznej dla bibliotek akademickich<\/strong>         <div class=\"rmwr-wrapper\" \n             data-id=\"rmwr-69f8ad836654d\"\n             data-mode=\"normal\"\n             data-animation=\"fade\"\n             data-duration=\"300\"\n             data-smooth-scroll=\"true\"\n             data-scroll-offset=\"0\">\n            <button \n                type=\"button\"\n                class=\"read-link\" \n                id=\"readlinkrmwr-69f8ad836654d\"\n                data-open-text=\"Wi\u0119cej\"\n                data-close-text=\"Mniej\"\n                aria-expanded=\"false\"\n                aria-controls=\"readrmwr-69f8ad836654d\"\n                aria-label=\"Wi\u0119cej\"\n            >\n                <span class=\"rmwr-text\">Wi\u0119cej<\/span>\n            <\/button>\n            <div \n                class=\"read_div\" \n                id=\"readrmwr-69f8ad836654d\"\n                aria-hidden=\"true\"\n                data-animation=\"fade\"\n                data-duration=\"300\"\n                style=\"display: none;\"\n            >\n                 Zagadnienia, kt\u00f3re zostan\u0105 przybli\u017cone podczas warsztat\u00f3w:<\/p>\n<ul>\n<li>budowanie strategii komunikacji elektronicznej biblioteki akademickiej,<\/li>\n<li>dob\u00f3r kana\u0142\u00f3w komunikacji,<\/li>\n<li>tworzenie komunikat\u00f3w do publikowania na stronach internetowych oraz w mediach spo\u0142eczno\u015bciowych,<\/li>\n<li>tworzenie komunikat\u00f3w dostosowanych do konkretnych grup odbiorc\u00f3w.<\/li>\n<\/ul>\n<p>Po warsztatach uczestnik:<\/p>\n<ul>\n<li>potrafi stworzy\u0107 strategi\u0119 komunikacji elektronicznej dla swojej instytucji,<\/li>\n<li>zna r\u00f3\u017cne kana\u0142y komunikacji i potrafi stosowa\u0107 adekwatne dla konkretnego medium komunikaty,<\/li>\n<li>zna zasady tworzenia komunikat\u00f3w dla konkretnych grup odbiorc\u00f3w.            <\/div>\n        <\/div>\n        <\/li>\n<\/ul>\n<p><img loading=\"lazy\" decoding=\"async\" class=\"alignnone wp-image-1301\" src=\"http:\/\/1kbsw.p.lodz.pl\/wp-content\/uploads\/2019\/02\/Milewska.png\" alt=\"\" width=\"200\" height=\"200\" \/><br \/>\n<strong>Paulina Milewska<\/strong><br \/>\nCentrum Informacyjno-Bibliotecznym Uniwersytetu Medycznego w \u0141odzi<br \/>\nBiogram         <div class=\"rmwr-wrapper\" \n             data-id=\"rmwr-69f8ad8366572\"\n             data-mode=\"normal\"\n             data-animation=\"fade\"\n             data-duration=\"300\"\n             data-smooth-scroll=\"true\"\n             data-scroll-offset=\"0\">\n            <button \n                type=\"button\"\n                class=\"read-link\" \n                id=\"readlinkrmwr-69f8ad8366572\"\n                data-open-text=\"Wi\u0119cej\"\n                data-close-text=\"Mniej\"\n                aria-expanded=\"false\"\n                aria-controls=\"readrmwr-69f8ad8366572\"\n                aria-label=\"Wi\u0119cej\"\n            >\n                <span class=\"rmwr-text\">Wi\u0119cej<\/span>\n            <\/button>\n            <div \n                class=\"read_div\" \n                id=\"readrmwr-69f8ad8366572\"\n                aria-hidden=\"true\"\n                data-animation=\"fade\"\n                data-duration=\"300\"\n                style=\"display: none;\"\n            >\n                 Specjalistka ds. promocji, animatorka czytelnictwa, bibliotekarka, miejska rowerzystka. Autorka licznych publikacji (ponad 50 opracowa\u0144 fachowych i naukowych), trenerka prowadz\u0105ca warsztaty dla pracownik\u00f3w bibliotek, prelegentka na ponad 30 konferencjach og\u00f3lnopolskich. Obecnie pracuje w Centrum Informacyjno-Bibliotecznym Uniwersytetu Medycznego w \u0141odzi jako specjalistka do spraw marketingu oraz w organizacji pozarz\u0105dowej &#8211; cz\u0142onkini zarz\u0105du Fundacji Fenomen, koordynatorka projekt\u00f3w bibliotecznych. Pomys\u0142odawczyni i realizatorka kampanii Odjazdowy Bibliotekarz (od 2010 r.), Bicycool Library (od 2012 r.). Koordynatorka projektu \u201cBiblioskan. Kontrola obywatelska w \u0142\u00f3dzkich bibliotekach publicznych\u201d (od 2014 r.) Posiada do\u015bwiadczenie w PR i marketingu oraz w zarz\u0105dzaniu projektami.            <\/div>\n        <\/div>\n        <\/p>\n","protected":false},"excerpt":{"rendered":"<p>\t\t\t\t<![CDATA[]]>\t\t<\/p>\n","protected":false},"author":2,"featured_media":0,"parent":357,"menu_order":0,"comment_status":"closed","ping_status":"closed","template":"","meta":{"footnotes":""},"class_list":["post-211","page","type-page","status-publish","hentry"],"_links":{"self":[{"href":"https:\/\/1kbsw.p.lodz.pl\/index.php?rest_route=\/wp\/v2\/pages\/211","targetHints":{"allow":["GET"]}}],"collection":[{"href":"https:\/\/1kbsw.p.lodz.pl\/index.php?rest_route=\/wp\/v2\/pages"}],"about":[{"href":"https:\/\/1kbsw.p.lodz.pl\/index.php?rest_route=\/wp\/v2\/types\/page"}],"author":[{"embeddable":true,"href":"https:\/\/1kbsw.p.lodz.pl\/index.php?rest_route=\/wp\/v2\/users\/2"}],"replies":[{"embeddable":true,"href":"https:\/\/1kbsw.p.lodz.pl\/index.php?rest_route=%2Fwp%2Fv2%2Fcomments&post=211"}],"version-history":[{"count":32,"href":"https:\/\/1kbsw.p.lodz.pl\/index.php?rest_route=\/wp\/v2\/pages\/211\/revisions"}],"predecessor-version":[{"id":2641,"href":"https:\/\/1kbsw.p.lodz.pl\/index.php?rest_route=\/wp\/v2\/pages\/211\/revisions\/2641"}],"up":[{"embeddable":true,"href":"https:\/\/1kbsw.p.lodz.pl\/index.php?rest_route=\/wp\/v2\/pages\/357"}],"wp:attachment":[{"href":"https:\/\/1kbsw.p.lodz.pl\/index.php?rest_route=%2Fwp%2Fv2%2Fmedia&parent=211"}],"curies":[{"name":"wp","href":"https:\/\/api.w.org\/{rel}","templated":true}]}}