{"id":29,"date":"2016-08-08T15:46:58","date_gmt":"2016-08-08T15:46:58","guid":{"rendered":"https:\/\/212.51.210.187\/wordpress\/event\/?page_id=29"},"modified":"2019-03-28T11:04:56","modified_gmt":"2019-03-28T11:04:56","slug":"excellent-organisational-skills","status":"publish","type":"page","link":"https:\/\/1kbsw.p.lodz.pl\/?page_id=29","title":{"rendered":"Patronaty"},"content":{"rendered":"<p style=\"text-align: left;\">Patronat nad Kongresem obj\u0119li:<\/p>\n<p><a href=\"https:\/\/www.gov.pl\/web\/nauka\/\" target=\"_blank\" rel=\"noopener noreferrer\"><img loading=\"lazy\" decoding=\"async\" class=\"wp-image-732 aligncenter\" style=\"display: block;\" src=\"http:\/\/1kbsw.p.lodz.pl\/wp-content\/uploads\/2019\/01\/logo_MNiSW.jpg\" alt=\"\" width=\"274\" height=\"89\"><\/a><\/p>\n<p style=\"text-align: center;\"><em>Minister Nauki i Szkolnictwa Wy\u017cszego <strong>Jaros\u0142aw Gowin<\/strong><\/em><img decoding=\"async\" class=\"wp-image-1289 aligncenter\" src=\"http:\/\/1kbsw.p.lodz.pl\/wp-content\/uploads\/2019\/02\/logo-Wojewoda-Lodzki.png\" alt=\"\" width=\"274\"><em>Wojewoda \u0141\u00f3dzki <strong>Zbigniew Rau<\/strong><\/em><a href=\"https:\/\/uml.lodz.pl\/\" target=\"_blank\" rel=\"noopener noreferrer\"><img decoding=\"async\" class=\"wp-image-732 aligncenter\" style=\"display: block;\" src=\"http:\/\/1kbsw.p.lodz.pl\/wp-content\/uploads\/2019\/01\/logo-Prezydent-Miasta-Lodzi-Hanna-Zdanowska.jpg\" alt=\"\" width=\"274\"><\/a><em>Prezydent Miasta \u0141odzi <strong>Hanna Zdanowska<\/strong><\/em><\/p>\n<p><a href=\"http:\/\/kdbasp.bg.uni.opole.pl\/\" target=\"_blank\" rel=\"noopener noreferrer\"><img decoding=\"async\" class=\"wp-image-732 aligncenter\" style=\"display: block;\" src=\"http:\/\/1kbsw.p.lodz.pl\/wp-content\/uploads\/2019\/02\/logo-kdbasp.jpg\" alt=\"\" width=\"274\"><\/a><\/p>\n<p style=\"text-align: center;\"><em>Konferencja Dyrektor\u00f3w Bibliotek Akademickich Szk\u00f3\u0142 Polskich<\/em><\/p>\n<p><img loading=\"lazy\" decoding=\"async\" class=\"wp-image-731 aligncenter\" src=\"http:\/\/1kbsw.p.lodz.pl\/wp-content\/uploads\/2018\/10\/logotyp_pl_0.jpg\" alt=\"\" width=\"216\" height=\"216\"><\/p>\n<p style=\"text-align: center;\"><em>JM Rektor Politechniki \u0141\u00f3dzkiej<br \/>\n<strong>prof. dr hab. in\u017c. S\u0142awomir Wiak<\/strong><\/em><\/p>\n<p><a href=\"https:\/\/www.uni.lodz.pl\/\" target=\"_blank\" rel=\"noopener noreferrer\"><img loading=\"lazy\" decoding=\"async\" class=\"aligncenter wp-image-1288\" src=\"http:\/\/1kbsw.p.lodz.pl\/wp-content\/uploads\/2019\/02\/logo-ul.png\" alt=\"\" width=\"323\" height=\"157\"><\/a><\/p>\n<p style=\"text-align: center;\"><em>JM Rektor Uniwersytetu \u0141\u00f3dzkiego<br \/>\n<strong>prof. dr hab. Antoni R\u00f3\u017calski<\/strong><\/em><\/p>\n<p><a href=\"https:\/\/umed.pl\/\" target=\"_blank\" rel=\"noopener noreferrer\"><img loading=\"lazy\" decoding=\"async\" class=\"wp-image-732 aligncenter\" style=\"display: block;\" src=\"http:\/\/1kbsw.p.lodz.pl\/wp-content\/uploads\/2019\/01\/logo-umed.jpg\" alt=\"\" width=\"323\" height=\"150\"><\/a><\/p>\n<p style=\"text-align: center;\"><em>JM Rektor Uniwersytetu Medycznego w \u0141odzi<br \/>\n<strong>prof. dr hab. n. med. Radzis\u0142aw Kordek<\/strong><\/em><\/p>\n<p><a href=\"https:\/\/www.wsb.pl\/poznan\/\" target=\"_blank\" rel=\"noopener noreferrer\"><img loading=\"lazy\" decoding=\"async\" class=\"wp-image-732 aligncenter\" style=\"display: block;\" src=\"http:\/\/1kbsw.p.lodz.pl\/wp-content\/uploads\/2018\/10\/kluby-wsb-chorzow.jpg\" alt=\"\" width=\"274\" height=\"89\"><\/a><\/p>\n<p style=\"text-align: center;\"><em>JM Rektor Wy\u017cszej Szko\u0142y Bankowej w Poznaniu<br \/>\n<\/em><em><strong>prof. zw. dr hab. J\u00f3zef Orczyk<\/strong><\/em><\/p>\n<p><a href=\"https:\/\/amu.edu.pl\" target=\"_blank\" rel=\"noopener noreferrer\"><img loading=\"lazy\" decoding=\"async\" class=\"wp-image-732 aligncenter\" style=\"display: block;\" src=\"http:\/\/1kbsw.p.lodz.pl\/wp-content\/uploads\/2019\/02\/logo-UAM.png\" alt=\"\" width=\"294\" height=\"130\"><\/a><\/p>\n<p style=\"text-align: center;\"><em>JM Rektor Uniwersytetu im. Adama Mickiewicza w Poznaniu<br \/>\n<\/em><em><strong>prof. UAM dr hab. Andrzej Lesicki<br \/>\n<\/strong><\/em><\/p>\n","protected":false},"excerpt":{"rendered":"<p>\t\t\t\t<![CDATA[]]>\t\t<\/p>\n","protected":false},"author":2,"featured_media":0,"parent":357,"menu_order":0,"comment_status":"closed","ping_status":"closed","template":"","meta":{"footnotes":""},"class_list":["post-29","page","type-page","status-publish","hentry"],"_links":{"self":[{"href":"https:\/\/1kbsw.p.lodz.pl\/index.php?rest_route=\/wp\/v2\/pages\/29","targetHints":{"allow":["GET"]}}],"collection":[{"href":"https:\/\/1kbsw.p.lodz.pl\/index.php?rest_route=\/wp\/v2\/pages"}],"about":[{"href":"https:\/\/1kbsw.p.lodz.pl\/index.php?rest_route=\/wp\/v2\/types\/page"}],"author":[{"embeddable":true,"href":"https:\/\/1kbsw.p.lodz.pl\/index.php?rest_route=\/wp\/v2\/users\/2"}],"replies":[{"embeddable":true,"href":"https:\/\/1kbsw.p.lodz.pl\/index.php?rest_route=%2Fwp%2Fv2%2Fcomments&post=29"}],"version-history":[{"count":7,"href":"https:\/\/1kbsw.p.lodz.pl\/index.php?rest_route=\/wp\/v2\/pages\/29\/revisions"}],"predecessor-version":[{"id":2258,"href":"https:\/\/1kbsw.p.lodz.pl\/index.php?rest_route=\/wp\/v2\/pages\/29\/revisions\/2258"}],"up":[{"embeddable":true,"href":"https:\/\/1kbsw.p.lodz.pl\/index.php?rest_route=\/wp\/v2\/pages\/357"}],"wp:attachment":[{"href":"https:\/\/1kbsw.p.lodz.pl\/index.php?rest_route=%2Fwp%2Fv2%2Fmedia&parent=29"}],"curies":[{"name":"wp","href":"https:\/\/api.w.org\/{rel}","templated":true}]}}