{"id":3104,"date":"2019-06-25T11:57:15","date_gmt":"2019-06-25T11:57:15","guid":{"rendered":"http:\/\/1kbsw.p.lodz.pl\/?page_id=3104"},"modified":"2019-06-25T11:57:15","modified_gmt":"2019-06-25T11:57:15","slug":"wnioski-pokongresowe","status":"publish","type":"page","link":"https:\/\/1kbsw.p.lodz.pl\/?page_id=3104","title":{"rendered":"Wnioski pokongresowe"},"content":{"rendered":"\n<p><strong>I Kongres Bibliotek Szk\u00f3\u0142 Wy\u017cszych, \u0141\u00f3d\u017a 12-14 czerwca 2019 r.<\/strong><\/p>\n\n\n\n<ol class=\"wp-block-list\"><li>Zmiany organizacyjno-prawne w otoczeniu bibliotek szk\u00f3\u0142 wy\u017cszych nale\u017cy potraktowa\u0107 jako szans\u0119 dla ich rozwoju i wzmocnienia pozycji w uczelniach. <\/li><li>Ustawa 2.0 (Prawo o szkolnictwie wy\u017cszym i nauce z 20 lipca 2018 r.) i Plan S (cOALition S) s\u0105 okazj\u0105 do ukazania roli bibliotek jako wsp\u00f3\u0142tw\u00f3rc\u00f3w sukcesu uczelni. Mo\u017cna to osi\u0105gn\u0105\u0107 poprzez aktywn\u0105 wsp\u00f3\u0142prac\u0119 z innymi jednostkami uczelni.<\/li><li>Brak okre\u015blenia roli bibliotek i bibliotekarzy w aktach prawnych powinni\u015bmy wykorzysta\u0107 do zredefiniowania kim jeste\u015bmy i jakie stoj\u0105 przed nami zadania. Nale\u017cy podj\u0105\u0107 prace nad okre\u015bleniem statusu i wymaga\u0144 wobec pracownik\u00f3w biblioteki akademickiej. Warto podj\u0105\u0107 dyskusj\u0119 nad aktualn\u0105 rol\u0105 i przysz\u0142o\u015bci\u0105 bibliotekarzy w szko\u0142ach wy\u017cszych. Potrzebne jest okre\u015blenie oczekiwanych kompetencji, \u015bcie\u017cki rozwoju i sposob\u00f3w uznawania dorobku zawodowego, np. poprzez certyfikacj\u0119.<\/li><li>Nale\u017cy otworzy\u0107 dyskusj\u0119 nad okre\u015bleniem i zorganizowaniem p\u0142aszczyzny wsp\u00f3\u0142pracy, rozwoju i reprezentacji interes\u00f3w bibliotek i bibliotekarzy szk\u00f3\u0142 wy\u017cszych, innej ni\u017c struktury SBP (roboczo: Stowarzyszenie Bibliotek Szk\u00f3\u0142 Wy\u017cszych).<\/li><li>Po\u017c\u0105dane jest podj\u0119cie na szerok\u0105 skal\u0119 prac nad opracowaniem standard\u00f3w kszta\u0142cenia u\u017cytkownik\u00f3w bibliotek uczelnianych w zakresie kompetencji informacyjnych. <\/li><li>AFBN jest bardzo dobrym narz\u0119dziem do analizy jako\u015bci pracy bibliotek. Powinni\u015bmy je rozwija\u0107, szerzej wykorzystywa\u0107 i promowa\u0107 jego wype\u0142nianie przez mo\u017cliwie najwi\u0119ksz\u0105 liczb\u0119 bibliotek. <\/li><li>Bibliotekarze powinni si\u0119 przygotowa\u0107 do wsparcia i szkolenia pracownik\u00f3w naukowych w zakresie wykorzystania i otwierania danych badawczych, w tym tworzenia plan\u00f3w zarz\u0105dzania danymi (Data Management Plan), kt\u00f3rych do\u0142\u0105czanie do wniosk\u00f3w o finansowanie b\u0119dzie wymagane przez NCN. <\/li><li>Formu\u0142a kongresu okaza\u0142a si\u0119 dobrym rozwi\u0105zaniem. Doprecyzowania wymaga kwestia jego organizacji, stwarzaj\u0105cej mo\u017cliwo\u015b\u0107 omawiania wybranych zagadnie\u0144 podczas paneli dyskusyjnych czy w grupach roboczych.<\/li><li>Konieczne  jest kontynuowanie wsp\u00f3lnego katalogowania zasob\u00f3w bibliotek w ramach NUKAT.<\/li><\/ol>\n\n\n<p><i>Oprac.<br>Renata Birska (Biblioteka G\u0142\u00f3wna Uniwersytetu Medycznego w Lublinie)<br>Aldona Chlewicka-M\u0105czy\u0144ska (Biblioteka UKW w Bydgoszczy)<br>Dorota Tkaczyk (Biblioteka Politechniki Lubelskiej)<\/i><\/p><i>\n<\/i><p><i><\/i><\/p>","protected":false},"excerpt":{"rendered":"<p>I Kongres Bibliotek Szk\u00f3\u0142 Wy\u017cszych, \u0141\u00f3d\u017a 12-14 czerwca 2019 r. Zmiany organizacyjno-prawne w otoczeniu bibliotek szk\u00f3\u0142 wy\u017cszych nale\u017cy potraktowa\u0107 jako&hellip; <\/p>\n","protected":false},"author":3,"featured_media":0,"parent":0,"menu_order":0,"comment_status":"closed","ping_status":"closed","template":"","meta":{"footnotes":""},"class_list":["post-3104","page","type-page","status-publish","hentry"],"_links":{"self":[{"href":"https:\/\/1kbsw.p.lodz.pl\/index.php?rest_route=\/wp\/v2\/pages\/3104","targetHints":{"allow":["GET"]}}],"collection":[{"href":"https:\/\/1kbsw.p.lodz.pl\/index.php?rest_route=\/wp\/v2\/pages"}],"about":[{"href":"https:\/\/1kbsw.p.lodz.pl\/index.php?rest_route=\/wp\/v2\/types\/page"}],"author":[{"embeddable":true,"href":"https:\/\/1kbsw.p.lodz.pl\/index.php?rest_route=\/wp\/v2\/users\/3"}],"replies":[{"embeddable":true,"href":"https:\/\/1kbsw.p.lodz.pl\/index.php?rest_route=%2Fwp%2Fv2%2Fcomments&post=3104"}],"version-history":[{"count":2,"href":"https:\/\/1kbsw.p.lodz.pl\/index.php?rest_route=\/wp\/v2\/pages\/3104\/revisions"}],"predecessor-version":[{"id":3106,"href":"https:\/\/1kbsw.p.lodz.pl\/index.php?rest_route=\/wp\/v2\/pages\/3104\/revisions\/3106"}],"wp:attachment":[{"href":"https:\/\/1kbsw.p.lodz.pl\/index.php?rest_route=%2Fwp%2Fv2%2Fmedia&parent=3104"}],"curies":[{"name":"wp","href":"https:\/\/api.w.org\/{rel}","templated":true}]}}