{"id":3271,"date":"2019-07-17T07:33:21","date_gmt":"2019-07-17T07:33:21","guid":{"rendered":"http:\/\/1kbsw.p.lodz.pl\/?page_id=3271"},"modified":"2019-07-17T14:49:34","modified_gmt":"2019-07-17T14:49:34","slug":"sesja-6","status":"publish","type":"page","link":"https:\/\/1kbsw.p.lodz.pl\/?page_id=3271","title":{"rendered":"Sesja 6"},"content":{"rendered":"\n<p><strong>Biblioteki w przysz\u0142o\u015bci i dla przysz\u0142o\u015bci<\/strong> \u2013 moderator: Tomasz Piestrzy\u0144ski<\/p>\n\n\n\n<ul class=\"wp-block-list\"><li>dr hab. Artur Jazdon: Co nas mo\u017ce czeka\u0107 w przysz\u0142o\u015bci? Wprowadzenie do dyskusji<\/li><\/ul>\n\n\n\n<figure class=\"wp-block-embed-youtube wp-block-embed is-type-video is-provider-youtube wp-embed-aspect-16-9 wp-has-aspect-ratio\"><div class=\"wp-block-embed__wrapper\">\n<iframe loading=\"lazy\" title=\"1. Kongres Bibliotek Szk\u00f3\u0142 Wy\u017cszych. Sesja 6 (1)\" width=\"790\" height=\"444\" src=\"https:\/\/www.youtube.com\/embed\/uC6GKZseKQs?feature=oembed\" frameborder=\"0\" allow=\"accelerometer; autoplay; encrypted-media; gyroscope; picture-in-picture\" allowfullscreen><\/iframe>\n<\/div><\/figure>\n\n\n\n<ul class=\"wp-block-list\"><li>Barbara Szczepa\u0144ska: Nic o nas bez nas \u2013 rola bibliotek w rzecznictwie i tworzeniu polityki opartej na faktach<\/li><\/ul>\n\n\n\n<figure class=\"wp-block-embed-youtube wp-block-embed is-type-video is-provider-youtube wp-embed-aspect-16-9 wp-has-aspect-ratio\"><div class=\"wp-block-embed__wrapper\">\n<iframe loading=\"lazy\" title=\"1. Kongres Bibliotek Szk\u00f3\u0142 Wy\u017cszych. Sesja 6 (2)\" width=\"790\" height=\"444\" src=\"https:\/\/www.youtube.com\/embed\/pyrHbujG0oE?feature=oembed\" frameborder=\"0\" allow=\"accelerometer; autoplay; encrypted-media; gyroscope; picture-in-picture\" allowfullscreen><\/iframe>\n<\/div><\/figure>\n\n\n\n<ul class=\"wp-block-list\"><li>Monika Cury\u0142o: Inteligentna biblioteka, inteligentny bibliotekarz, inteligentny czytelnik<\/li><\/ul>\n\n\n\n<figure class=\"wp-block-embed-youtube wp-block-embed is-type-video is-provider-youtube wp-embed-aspect-16-9 wp-has-aspect-ratio\"><div class=\"wp-block-embed__wrapper\">\n<iframe loading=\"lazy\" title=\"1. Kongres Bibliotek Szk\u00f3\u0142 Wy\u017cszych. Sesja 6 (3)\" width=\"790\" height=\"444\" src=\"https:\/\/www.youtube.com\/embed\/arRvyoL19AM?feature=oembed\" frameborder=\"0\" allow=\"accelerometer; autoplay; encrypted-media; gyroscope; picture-in-picture\" allowfullscreen><\/iframe>\n<\/div><\/figure>\n\n\n\n<ul class=\"wp-block-list\"><li>Dyskusja<\/li><\/ul>\n\n\n\n<figure class=\"wp-block-embed-youtube wp-block-embed is-type-video is-provider-youtube wp-embed-aspect-16-9 wp-has-aspect-ratio\"><div class=\"wp-block-embed__wrapper\">\n<iframe loading=\"lazy\" title=\"1. Kongres Bibliotek Szk\u00f3\u0142 Wy\u017cszych. Sesja 6 (4)\" width=\"790\" height=\"444\" src=\"https:\/\/www.youtube.com\/embed\/iin5gf6mBUs?feature=oembed\" frameborder=\"0\" allow=\"accelerometer; autoplay; encrypted-media; gyroscope; picture-in-picture\" allowfullscreen><\/iframe>\n<\/div><\/figure>\n\n\n\n<ul class=\"wp-block-list\"><li>Magdalena Kokosi\u0144ska: Odjazdowy Bibliotekarz \u2013 ilo\u015b\u0107 znaczy jako\u015b\u0107!<\/li><li>Podsumowanie konferencji, wnioski ko\u0144cowe<\/li><\/ul>\n\n\n\n<figure class=\"wp-block-embed-youtube wp-block-embed is-type-video is-provider-youtube wp-embed-aspect-16-9 wp-has-aspect-ratio\"><div class=\"wp-block-embed__wrapper\">\n<iframe loading=\"lazy\" title=\"1. Kongres Bibliotek Szk\u00f3\u0142 Wy\u017cszych. Sesja 6 (5)\" width=\"790\" height=\"444\" src=\"https:\/\/www.youtube.com\/embed\/lCGuMYwp6mI?feature=oembed\" frameborder=\"0\" allow=\"accelerometer; autoplay; encrypted-media; gyroscope; picture-in-picture\" allowfullscreen><\/iframe>\n<\/div><\/figure>\n","protected":false},"excerpt":{"rendered":"<p>Biblioteki w przysz\u0142o\u015bci i dla przysz\u0142o\u015bci \u2013 moderator: Tomasz Piestrzy\u0144ski dr hab. Artur Jazdon: Co nas mo\u017ce czeka\u0107 w przysz\u0142o\u015bci?&hellip; <\/p>\n","protected":false},"author":3,"featured_media":0,"parent":0,"menu_order":0,"comment_status":"closed","ping_status":"closed","template":"","meta":{"footnotes":""},"class_list":["post-3271","page","type-page","status-publish","hentry"],"_links":{"self":[{"href":"https:\/\/1kbsw.p.lodz.pl\/index.php?rest_route=\/wp\/v2\/pages\/3271","targetHints":{"allow":["GET"]}}],"collection":[{"href":"https:\/\/1kbsw.p.lodz.pl\/index.php?rest_route=\/wp\/v2\/pages"}],"about":[{"href":"https:\/\/1kbsw.p.lodz.pl\/index.php?rest_route=\/wp\/v2\/types\/page"}],"author":[{"embeddable":true,"href":"https:\/\/1kbsw.p.lodz.pl\/index.php?rest_route=\/wp\/v2\/users\/3"}],"replies":[{"embeddable":true,"href":"https:\/\/1kbsw.p.lodz.pl\/index.php?rest_route=%2Fwp%2Fv2%2Fcomments&post=3271"}],"version-history":[{"count":5,"href":"https:\/\/1kbsw.p.lodz.pl\/index.php?rest_route=\/wp\/v2\/pages\/3271\/revisions"}],"predecessor-version":[{"id":3277,"href":"https:\/\/1kbsw.p.lodz.pl\/index.php?rest_route=\/wp\/v2\/pages\/3271\/revisions\/3277"}],"wp:attachment":[{"href":"https:\/\/1kbsw.p.lodz.pl\/index.php?rest_route=%2Fwp%2Fv2%2Fmedia&parent=3271"}],"curies":[{"name":"wp","href":"https:\/\/api.w.org\/{rel}","templated":true}]}}