{"id":352,"date":"2016-08-07T06:08:00","date_gmt":"2016-08-07T06:08:00","guid":{"rendered":"https:\/\/212.51.210.187\/wordpress\/event\/?page_id=2"},"modified":"2019-03-28T10:58:31","modified_gmt":"2019-03-28T10:58:31","slug":"sample-page-2","status":"publish","type":"page","link":"https:\/\/1kbsw.p.lodz.pl\/?page_id=352","title":{"rendered":"Idea Kongresu"},"content":{"rendered":"<p>Celem Kongresu jest integracja \u015brodowiska bibliotekarzy szk\u00f3\u0142 wy\u017cszych, stworzenie szerokiego forum wymiany do\u015bwiadcze\u0144 i my\u015bli na najbardziej aktualne i istotne tematy, a tak\u017ce wskazanie obszar\u00f3w i mo\u017cliwo\u015bci wsp\u00f3\u0142pracy.<\/p>\n<p>Idea zorganizowania Kongresu zrodzi\u0142a si\u0119 z poczucia rozproszenia i nadmiaru konferencji bran\u017cowych, sk\u0105din\u0105d wa\u017cnych i poruszaj\u0105cych istotne problemy, jednak niedaj\u0105cych mo\u017cliwo\u015bci odbycia tak szerokiej debaty \u015brodowiskowej. Maj\u0105c nadziej\u0119 na kontynuacj\u0119 idei Kongresu liczymy, \u017ce przysz\u0142oroczne spotkanie bibliotekarzy szk\u00f3\u0142 wy\u017cszych &#8211; pracuj\u0105cych na r\u00f3\u017cnych stanowiskach i uczestnicz\u0105cych w r\u00f3\u017cnych procesach informacyjno-bibliotecznych \u2013 przyczyni si\u0119 do lepszego funkcjonowania naszych bibliotek, \u015bmielszego patrzenia w przysz\u0142o\u015b\u0107 oraz silniejszych wi\u0119zi zawodowych.<\/p>\n<p>Chcieliby\u015bmy, aby tematyka obrad koncentrowa\u0142a si\u0119 wok\u00f3\u0142 zagadnie\u0144, o kt\u00f3rych dyskutujemy na bie\u017c\u0105co; wok\u00f3\u0142 pyta\u0144, na kt\u00f3re szukamy odpowiedzi; wok\u00f3\u0142 problem\u00f3w, kt\u00f3re \u0142atwiej b\u0119dzie rozwi\u0105za\u0107 wsp\u00f3lnie. Jednocze\u015bnie mamy zamiar spojrze\u0107 na nasze \u015brodowisko z perspektywy stanu obecnego oraz przyjrze\u0107 si\u0119 dzia\u0142aniom podobnych \u015brodowisk w innych krajach.<\/p>\n<p><img loading=\"lazy\" decoding=\"async\" class=\"size-full wp-image-866 aligncenter\" src=\"http:\/\/1kbsw.p.lodz.pl\/wp-content\/uploads\/2018\/11\/KBSW-post-poziomy-12-kwadrat\u00f3w.png\" alt=\"\" width=\"1200\" height=\"900\"><\/p>\n<p>Przewidujemy wyst\u0105pienia i dyskusje w nast\u0119puj\u0105cych grupach tematycznych:<\/p>\n<ol>\n<li>Kim jeste\u015bmy, czym dysponujemy, czego oczekujemy &#8211; o bibliotekach szk\u00f3\u0142 wy\u017cszych w Polsce i stowarzyszeniach bibliotekarskich na \u015bwiecie.<\/li>\n<li>Wybrane aspekty zarz\u0105dzania bibliotekami<br \/>\n\u2013 misja, wizja, strategia, cele, zadania,<br \/>\n\u2013 \u017ar\u00f3d\u0142a finansowania,<br \/>\n\u2013 kszta\u0142towanie wizerunku,<br \/>\n\u2013 wsp\u00f3\u0142praca z jednostkami uczelnianymi i pracownikami naukowymi,<br \/>\n\u2013 zagadnienia prawne,<br \/>\n\u2013 statystyka i wska\u017aniki,<br \/>\n\u2013 potrzeby pracownik\u00f3w bibliotek.<\/li>\n<li>Nowe prawo o szkolnictwie wy\u017cszym a biblioteki szk\u00f3\u0142 wy\u017cszych &#8211; szanse i zagro\u017cenia<br \/>\n\u2013 ewaluacja jednostek naukowych, dziedziny i dyscypliny naukowe,<br \/>\n\u2013 grupa zawodowa bibliotekarzy w nowej rzeczywisto\u015bci prawnej (regulacje wewn\u0119trzne w uczelniach, ocena pracownik\u00f3w, kryteria awansowania).<\/li>\n<li>Punkty dost\u0119pu do informacji o zasobach bibliotek<br \/>\n\u2013 katalogi centralne,<br \/>\n\u2013 wyszukiwarki zintegrowane.<\/li>\n<li>Otwarta nauka, otwarty dost\u0119p, otwarte dane<br \/>\n\u2013 wyzwania dla bibliotek wobec idei otwierania publikacji i danych badawczych,<br \/>\n\u2013 aspekty prawne.<\/li>\n<li>Biblioteki w przysz\u0142o\u015bci i dla przysz\u0142o\u015bci &#8211; nowe grupy odbiorc\u00f3w, us\u0142ugi, zadania, obszary wsp\u00f3\u0142pracy.<\/li>\n<\/ol>\n<p>Planujemy wyk\u0142ady zaproszonych prelegent\u00f3w, inauguruj\u0105ce panele dyskusyjne na okre\u015blone tematy oraz referaty zg\u0142aszane przez uczestnik\u00f3w \u2013 w formie 15-minutowych wyst\u0105pie\u0144 b\u0105d\u017a 5-minutowych komunikat\u00f3w. Zamierzamy r\u00f3wnie\u017c zorganizowa\u0107 merytoryczne warsztaty, na kt\u00f3rych prowadz\u0105cy podziel\u0105 si\u0119 swoj\u0105 praktyczn\u0105 wiedz\u0105 z zakresu prawa autorskiego, promocji czy tw\u00f3rczej realizacji bibliotekarskich pomys\u0142\u00f3w.<br \/>\nWi\u0119cej szczeg\u00f3\u0142owych informacji b\u0119dziemy zamieszcza\u0107 na bie\u017c\u0105co na witrynie oraz <a href=\"https:\/\/www.facebook.com\/KongresBSW\/\" target=\"_blank\" rel=\"noopener noreferrer\">FB Kongresu<\/a> \u2013 zach\u0119camy do ich \u015bledzenia!<\/p>\n<p style=\"text-align: right;\">Do zobaczenia w 2019 r. w \u0141odzi<br \/>\nKomitet organizacyjno-programowy<\/p>\n","protected":false},"excerpt":{"rendered":"<p>\t\t\t\t<![CDATA[]]>\t\t<\/p>\n","protected":false},"author":2,"featured_media":501,"parent":357,"menu_order":0,"comment_status":"closed","ping_status":"open","template":"","meta":{"footnotes":""},"class_list":["post-352","page","type-page","status-publish","has-post-thumbnail","hentry"],"_links":{"self":[{"href":"https:\/\/1kbsw.p.lodz.pl\/index.php?rest_route=\/wp\/v2\/pages\/352","targetHints":{"allow":["GET"]}}],"collection":[{"href":"https:\/\/1kbsw.p.lodz.pl\/index.php?rest_route=\/wp\/v2\/pages"}],"about":[{"href":"https:\/\/1kbsw.p.lodz.pl\/index.php?rest_route=\/wp\/v2\/types\/page"}],"author":[{"embeddable":true,"href":"https:\/\/1kbsw.p.lodz.pl\/index.php?rest_route=\/wp\/v2\/users\/2"}],"replies":[{"embeddable":true,"href":"https:\/\/1kbsw.p.lodz.pl\/index.php?rest_route=%2Fwp%2Fv2%2Fcomments&post=352"}],"version-history":[{"count":4,"href":"https:\/\/1kbsw.p.lodz.pl\/index.php?rest_route=\/wp\/v2\/pages\/352\/revisions"}],"predecessor-version":[{"id":3332,"href":"https:\/\/1kbsw.p.lodz.pl\/index.php?rest_route=\/wp\/v2\/pages\/352\/revisions\/3332"}],"up":[{"embeddable":true,"href":"https:\/\/1kbsw.p.lodz.pl\/index.php?rest_route=\/wp\/v2\/pages\/357"}],"wp:featuredmedia":[{"embeddable":true,"href":"https:\/\/1kbsw.p.lodz.pl\/index.php?rest_route=\/wp\/v2\/media\/501"}],"wp:attachment":[{"href":"https:\/\/1kbsw.p.lodz.pl\/index.php?rest_route=%2Fwp%2Fv2%2Fmedia&parent=352"}],"curies":[{"name":"wp","href":"https:\/\/api.w.org\/{rel}","templated":true}]}}