{"id":664,"date":"2018-10-19T10:25:09","date_gmt":"2018-10-19T08:25:09","guid":{"rendered":"https:\/\/1kbsw.p.lodz.pl\/?page_id=664"},"modified":"2019-07-05T06:43:53","modified_gmt":"2019-07-05T06:43:53","slug":"program-i-kongresu-bibliotek-szkol-wyzszych","status":"publish","type":"page","link":"https:\/\/1kbsw.p.lodz.pl\/?page_id=664","title":{"rendered":"Program I Kongresu Bibliotek Szk\u00f3\u0142 Wy\u017cszych"},"content":{"rendered":"\n<figure class=\"wp-block-image is-resized\"><img loading=\"lazy\" decoding=\"async\" src=\"http:\/\/1kbsw.p.lodz.pl\/wp-content\/uploads\/2019\/01\/Program.png\" alt=\"\" class=\"wp-image-1049\" width=\"600\" height=\"314\"\/><\/figure>\n\n\n<p><strong>12 czerwca 2019 r. (\u015broda) <\/strong><br \/><a href=\"https:\/\/1kbsw.p.lodz.pl\/?page_id=168\">Politechnika \u0141\u00f3dzka<\/a><\/p>\n<p style=\"text-align: right;\">\u00a0<\/p>\n<p><strong>8:00\u201314:00\u00a0 \u00a0Rejestracja<\/strong><br \/>w gmachu Wydzia\u0142u Fizyki Technicznej, Informatyki i Matematyki Stosowanej P\u0141 (wej\u015bcie do budynku <strong>B14<\/strong>)<\/p>\n<table>\n<tbody>\n<tr>\n<td width=\"100px\"><strong>\u00a0<span style=\"color: #ff0000;\"> 8:30\u201312:45<\/span><\/strong><\/td>\n<td><span style=\"color: #ff0000;\"><strong>Warsztaty w Bibliotece G\u0142\u00f3wnej P\u0141<\/strong> (budynek B22)<\/span><strong><br \/><\/strong><\/td>\n<\/tr>\n<tr>\n<td width=\"100px\">\u00a0 8:30\u201310:30<\/td>\n<td>Marcin Kapczy\u0144ski: InCites. Jak prowadzi\u0107 kompleksow\u0105 i skuteczn\u0105 analiz\u0119 dorobku naukowego <br \/>Sala 202<\/td>\n<\/tr>\n<tr>\n<td width=\"100px\">\u00a0 8:30\u201310:30<\/td>\n<td>Veli\u2013Pekka Hyttinen: Warsztat z bazy SciFinder <br \/>Sala 203<\/td>\n<\/tr>\n<tr>\n<td width=\"100px\"><span style=\"color: #339966;\">10:30\u201310:45<\/span><\/td>\n<td><span style=\"color: #339966;\">Przerwa na pocz\u0119stunek\u00a0\u00a0\u00a0\u00a0 <\/span><span style=\"color: #339966;\">Hol, I pi\u0119tro<\/span><\/td>\n<\/tr>\n<tr>\n<td width=\"100px\">10:45\u201312:45<\/td>\n<td>Marzena Marcinek: Bibliometria w pracy bibliotekarza akademickiego \u2013 wybrane zagadnienia <br \/>Sala 202<\/td>\n<\/tr>\n<tr>\n<td width=\"100px\">10:45\u201312:45<\/td>\n<td>dr Sybilla Stanis\u0142awska-Kloc: Prawo autorskie w uczelnianej bibliotece 2.0<br \/>Sala 401<\/td>\n<\/tr>\n<tr>\n<td width=\"100px\">10:45\u201312:45<\/td>\n<td>Beata Gamrowska: Si\u0142a tkwi w prostocie \u2013 tw\u00f3rcze warsztaty z rysunku i copywritingu<br \/>Sala 3<\/td>\n<\/tr>\n<tr>\n<td width=\"100px\">10:45\u201312:45<\/td>\n<td>Paulina Milewska: Zaplanuj, zaprojektuj, opublikuj \u2013 strategie komunikacji elektronicznej dla bibliotek akademickich <br \/>Sala 203<\/td>\n<\/tr>\n<tr>\n<td>\n<p><strong>Miejsce<\/strong><\/p>\n<\/td>\n<td>\n<p><strong>Wydzia\u0142 Fizyki Technicznej, Informatyki i Matematyki Stosowanej P\u0141<\/strong> (budynek B15)<\/p>\n<\/td>\n<\/tr>\n<tr>\n<td><span style=\"color: #339966;\">13:00\u201314:00<\/span><\/td>\n<td><span style=\"color: #339966;\">Obiad<\/span><\/td>\n<\/tr>\n<tr>\n<td>\n<p>8:00\u201314:00<\/p>\n<\/td>\n<td>\n<p>Rejestracja<\/p>\n<\/td>\n<\/tr>\n<tr>\n<td>\n<p><span style=\"color: #ff0000;\"><strong>14:00\u201318:00<\/strong><\/span><\/p>\n<\/td>\n<td style=\"text-align: left;\"><span style=\"color: #ff0000;\"><strong>OBRADY<\/strong><\/span><strong><br \/><\/strong><\/td>\n<\/tr>\n<tr>\n<td>14:00<\/td>\n<td>Oficjalne otwarcie Kongresu: El\u017cbieta Skuba\u0142a i Witold Kozakiewicz<\/td>\n<\/tr>\n<tr>\n<td>\u00a0<\/td>\n<td><strong>Sesja I \u2013 Biblioteki uczelniane wobec nowej rzeczywisto\u015bci w szkolnictwie wy\u017cszym<\/strong> \u2013 moderator: El\u017cbieta Skuba\u0142a<\/td>\n<\/tr>\n<tr>\n<td>14:15\u201314:35<\/td>\n<td>Go\u015b\u0107 z Ministerstwa Nauki i Szkolnictwa Wy\u017cszego<\/td>\n<\/tr>\n<tr>\n<td>14:35\u201314:55<\/td>\n<td>Prorektor ds. nauki Politechniki \u0141\u00f3dzkiej prof. dr hab. in\u017c. Ireneusz Zbici\u0144ski: Koncepcja nowej struktury P\u0141\u00a0<\/td>\n<\/tr>\n<tr>\n<td>14:55\u201315.15<\/td>\n<td>dr Aneta Drabek: Ewaluacja, parametryzacja nauki<\/td>\n<\/tr>\n<tr>\n<td>15:15\u201315:35<\/td>\n<td>Ma\u0142gorzata Paszkowska, Marek Michaj\u0142owicz: Centralne systemy informacji o Nauce i Szkolnictwie Wy\u017cszym \u2013 dzi\u015b i jutro. PBN i POL-on a Ustawa 2.0<\/td>\n<\/tr>\n<tr>\n<td>15:35\u201315:45<\/td>\n<td><span style=\"color: #3366ff;\">Clarivate (sponsor)<\/span><\/td>\n<\/tr>\n<tr>\n<td><span style=\"color: #339966;\">15:45\u201316:15<\/span><\/td>\n<td><span style=\"color: #339966;\">Przerwa kawowa<\/span><\/td>\n<\/tr>\n<tr>\n<td>16:15\u201316:25<\/td>\n<td><span style=\"color: #3366ff;\">CAS\/SciFinder (sponsor)<\/span><\/td>\n<\/tr>\n<tr>\n<td>16:25\u201316:30<\/td>\n<td><span style=\"color: #3366ff;\">Sirsi Dynix (sponsor)<\/span><\/td>\n<\/tr>\n<tr>\n<td>16:30\u201318:00<\/td>\n<td>\n<p>Panel dyskusyjny: biblioteki akademickie w nowej rzeczywisto\u015bci prawnej \u2013 moderator: dr Ma\u0142gorzata D\u0105browicz<\/p>\n<ul>\n<li>Danuta Szewczyk-K\u0142os:\u00a0 relacja z bibliotek uniwersyteckich<\/li>\n<li>J\u0119drzej Le\u015bniewski: relacja z bibliotek uczelni technicznych<\/li>\n<li>Anna Grygorowicz;\u2013 relacja z bibliotek uczelni medycznych<\/li>\n<li>Katarzyna Wasiluk-Cieluch: relacja z bibliotek uczelni niepublicznych<\/li>\n<\/ul>\n<p>dyskusja z udzia\u0142em wszystkich prelegent\u00f3w Sesji I oraz zaproszonych go\u015bci<\/p>\n<\/td>\n<\/tr>\n<tr>\n<td>18:15\u201319:00<\/td>\n<td>Spacer po zrewitalizowanych obiektach Politechniki \u0141\u00f3dzkiej<\/td>\n<\/tr>\n<tr>\n<td><span style=\"color: #339966;\">19:00<\/span><\/td>\n<td><span style=\"color: #339966;\">Uroczysta kolacja\u00a0<\/span><\/td>\n<\/tr>\n<\/tbody>\n<\/table>\n<p><a id=\"13-06\"><\/a><br \/><strong>13 czerwca 2019 r. (czwartek)<\/strong><br \/><a href=\"https:\/\/1kbsw.p.lodz.pl\/?page_id=168\">Uniwersytet \u0141\u00f3dzki<\/a> \u2013 Wydzia\u0142 Filologiczny<\/p>\n<table>\n<tbody>\n<tr>\n<td width=\"100px\"><strong>\u00a0\u00a0 9:00\u201311:00<\/strong><\/td>\n<td><strong>Sesja II \u2013 <\/strong><strong>\u015arodowisko bibliotek i bibliotekarzy akademickich<\/strong> \u2013 moderator: Bogumi\u0142a Urban<strong><br \/><\/strong><\/td>\n<\/tr>\n<tr>\n<td>\u00a0 \u00a0 9:00\u20139:10<\/td>\n<td>JM Rektor\u00a0Uniwersytetu \u0141\u00f3dzkiego\u00a0prof. dr hab. Antoni R\u00f3\u017calski<\/td>\n<\/tr>\n<tr>\n<td>\u00a0 \u00a0 9:10\u20139:30<\/td>\n<td>Lidia Derfert-Wolf, Maciej Rynarzewski: Kim jeste\u015bmy, co robimy, czym dysponujemy \u2013 \u015brodowisko bibliotek szk\u00f3\u0142 wy\u017cszych w Polsce<\/td>\n<\/tr>\n<tr>\n<td>\u00a0 \u00a0 9:30\u20139:50<\/td>\n<td>dr Sabina Cisek: Stowarzyszenia bibliotekarskie na \u015bwiecie<\/td>\n<\/tr>\n<tr>\n<td>\u00a0 9:50\u201310:05<\/td>\n<td>Marzena Marcinek, dr Iwona S\u00f3jkowska: EBIB \u2013 stara mi\u0142o\u015b\u0107 nie rdzewieje<\/td>\n<\/tr>\n<tr>\n<td>10:05\u201310:10<\/td>\n<td><span style=\"color: #3366ff;\">IBUK libra (sponsor)<\/span><\/td>\n<\/tr>\n<tr>\n<td>10:10\u201310:15<\/td>\n<td><span style=\"color: #3366ff;\">AFRIDO (sponsor)<\/span><\/td>\n<\/tr>\n<tr>\n<td>10:15\u201310:20<\/td>\n<td><span style=\"color: #3366ff;\">EBSCO (sponsor)<\/span><\/td>\n<\/tr>\n<tr>\n<td>10:20\u201310:40<\/td>\n<td>Dyskusja<\/td>\n<\/tr>\n<tr>\n<td>\n<p><span style=\"color: #339966;\">10:40\u201311.00<\/span><\/p>\n<\/td>\n<td>\n<p><span style=\"color: #339966;\">Przerwa kawowa<\/span><\/p>\n<\/td>\n<\/tr>\n<tr>\n<td><strong>11:00\u201313:30<\/strong><\/td>\n<td><strong>Sesja III \u2013 <\/strong><strong>Biblioteczna infotopia. Koncepcje dost\u0119pu do metainformacji<\/strong> \u2013 moderator: dr Henryk Hollender<\/td>\n<\/tr>\n<tr>\n<td>11:00\u201311:20<\/td>\n<td>dr Aleksander Radwa\u0144ski: \u0141atwo, szybko, efektywnie. Oczekiwania u\u017cytkownik\u00f3w XXI wieku<\/td>\n<\/tr>\n<tr>\n<td>11:20\u201311:40<\/td>\n<td>dr hab. Marek Nahotko: Czy (centralne) katalogi biblioteczne s\u0105 jeszcze potrzebne? OPAC w infotopii<\/td>\n<\/tr>\n<tr>\n<td>11:40\u201311:45<\/td>\n<td><span style=\"color: #3366ff;\">Aleph (sponsor)<\/span><\/td>\n<\/tr>\n<tr>\n<td>11:45\u201311:50<\/td>\n<td><span style=\"color: #3366ff;\"> AKME (sponsor)<br \/><\/span><\/td>\n<\/tr>\n<tr>\n<td>11:50\u201311:55<\/td>\n<td><span style=\"color: #3366ff;\">Statista (sponsor)<\/span><\/td>\n<\/tr>\n<tr>\n<td>11:55\u201313:30<\/td>\n<td>\n<p>Panel dyskusyjny \u2013 moderator: dr Aleksander Radwa\u0144ski<\/p>\n<ul>\n<li>Patryk Hubar: e-OMNIS jako punkt dost\u0119pu do zbior\u00f3w polskich bibliotek<\/li>\n<li>Ewa Kobierska-Maciuszko: NUKAT \u2013 centralny katalog zasob\u00f3w bibliotek naukowych i akademickich<\/li>\n<li>Agnieszka Wola\u0144ska: Zachowania informacyjne u\u017cytkownika w e-bibliotecznym ekosystemie. Szanse, zagro\u017cenia, a mo\u017ce zupe\u0142nie nowy horyzont?<\/li>\n<\/ul>\n<p>dyskusja z udzia\u0142em wszystkich prelegent\u00f3w Sesji III oraz zaproszonych go\u015bci<\/p>\n<\/td>\n<\/tr>\n<tr>\n<td>\n<p><span style=\"color: #339966;\">13:30\u201314:30<\/span><\/p>\n<\/td>\n<td>\n<p><span style=\"color: #339966;\">Obiad<\/span><\/p>\n<\/td>\n<\/tr>\n<tr>\n<td><strong>14:30\u201318:00<\/strong><\/td>\n<td><strong>Sesja IV \u2013 <\/strong><strong>Zarz\u0105dzanie bibliotekami<\/strong> \u2013 moderator: dr hab. Artur Jazdon<\/td>\n<\/tr>\n<tr>\n<td>14:30\u201314:50<\/td>\n<td>dr Henryk Hollender: Mityczny polski bibliotekarz, prawie naukowiec<\/td>\n<\/tr>\n<tr>\n<td>14:50\u201315:10<\/td>\n<td>Witold Kozakiewicz: Wyspy szcz\u0119\u015bliwe, czyli kilka refleksji o miejscu biblioteki w \u015brodowisku uczelni wy\u017cszej<\/td>\n<\/tr>\n<tr>\n<td>15:10\u201315:30<\/td>\n<td>dr Dariusz Wo\u017aniak: Biblioteka do likwidacji? Spojrzenie zarz\u0105dzaj\u0105cych uczelni\u0105 na wyzwania stoj\u0105ce przed bibliotekami szk\u00f3\u0142 wy\u017cszych<\/td>\n<\/tr>\n<tr>\n<td>15:30\u201315:35<\/td>\n<td><span style=\"color: #3366ff;\">Elsevier (sponsor)<\/span><\/td>\n<\/tr>\n<tr>\n<td>15:35\u201315:55<\/td>\n<td><span style=\"color: #3366ff;\">Taylor &amp; Francis Group (sponsor)<\/span><br \/><span style=\"color: #3366ff;\">RSC (sponsor)<br \/>McGraw\u2013Hill (sponsor)<\/span><\/td>\n<\/tr>\n<tr>\n<td><span style=\"color: #339966;\">15:55\u201316:15<\/span><\/td>\n<td><span style=\"color: #339966;\">Przerwa kawowa<\/span><\/td>\n<\/tr>\n<tr>\n<td>16:15\u201316:30<\/td>\n<td>Edyta Strzelczyk: Zmierzy\u0107 niemierzalne \u2013 pomiar satysfakcji u\u017cytkownik\u00f3w oraz badania wp\u0142ywu i warto\u015bci bibliotek akademickich<\/td>\n<\/tr>\n<tr>\n<td>16:30\u201316:45<\/td>\n<td>dr Hanna Grabowska: Kszta\u0142towanie \u015bwiadomo\u015bci marki biblioteki akademickiej<\/td>\n<\/tr>\n<tr>\n<td>16:45\u201317:00<\/td>\n<td>Paulina Milewska: Zaprojektuj, zaplanuj, zrealizuj \u2013 budowanie strategii komunikacji a to\u017csamo\u015b\u0107 biblioteki akademickiej<\/td>\n<\/tr>\n<tr>\n<td>17:00\u201317:15<\/td>\n<td>Jacek Radwan: Zarz\u0105dzanie zasobami ludzkimi w bibliotece akademickiej w \u015bwietle kryteri\u00f3w Modelu Powszechnej Oceny (CAF)<\/td>\n<\/tr>\n<tr>\n<td>17:15\u201317:30<\/td>\n<td>Justyna Seiffert: Kszta\u0142towanie kolekcji na podstawie statystyk wykorzystania zasob\u00f3w online<\/td>\n<\/tr>\n<tr>\n<td>17:30\u201317:45<\/td>\n<td><span style=\"color: #3366ff;\">Springer (sponsor)<\/span><\/td>\n<\/tr>\n<tr>\n<td>17:45\u201318:00<\/td>\n<td>Dyskusja<\/td>\n<\/tr>\n<tr>\n<td><span style=\"color: #339966;\">19:00\u201322:00<\/span><\/td>\n<td><span style=\"color: #339966;\">Kolacja przy ognisku<\/span><\/td>\n<\/tr>\n<\/tbody>\n<\/table>\n<p><a id=\"14-06\"><\/a><br \/><strong>14 czerwca 2019 r.<\/strong><br \/><a href=\"https:\/\/1kbsw.p.lodz.pl\/?page_id=168\">Uniwersytet \u0141\u00f3dzki<\/a> \u2013 Wydzia\u0142 Filologiczny<\/p>\n<p><!--\n\n<tr--><\/p>\n<table>\n<tbody>\n<tr>\n<td width=\"100px\"><strong>\u00a0\u00a0 9:00\u201311:45<\/strong><\/td>\n<td><strong>Sesja V \u2013 <\/strong><strong>Otwarta nauka, otwarty dost\u0119p, otwarte dane <\/strong>\u2013 moderator: Lidia Derfert\u2013Wolf<strong><br \/><\/strong><\/td>\n<\/tr>\n<tr>\n<td>\u00a0\u00a0 9:00\u20139:20<\/td>\n<td>dr Maria Anna Jankowska: Humanistyka cyfrowa a biblioteki akademickie<\/td>\n<\/tr>\n<tr>\n<td>\u00a0\u00a0 9:20\u20139:35<\/td>\n<td>dr Leszek Szafra\u0144ski: Umowy transformacyjne (transformative agreements) w kontek\u015bcie otwartego dost\u0119pu do wynik\u00f3w bada\u0144 naukowych<\/td>\n<\/tr>\n<tr>\n<td>\u00a0\u00a0 9:35\u2013 9:50<\/td>\n<td>Anna Grygorowicz, Agnieszka Milewska, Natalia Wi\u015bniewska: Otwarte dane medyczne \u2013 morze potencja\u0142u, ocean wyzwa\u0144<\/td>\n<\/tr>\n<tr>\n<td>\u00a0 9:50\u201310:05<\/td>\n<td>Natalia Wysmyk: Monografie naukowe: w poszukiwaniu otwarto\u015bci<\/td>\n<\/tr>\n<tr>\n<td>10:05\u201310:20<\/td>\n<td>Paulina Szczuci\u0144ska: Otwarty dost\u0119p do podr\u0119cznik\u00f3w akademickich<\/td>\n<\/tr>\n<tr>\n<td>10:20\u201310:25<\/td>\n<td>Dorota Wierzbicka-Pr\u00f3chniak, Danuta Szewczyk-K\u0142os: Platforma czasopism Uniwersytetu Opolskiego \u2013 przyk\u0142adem synergii w budowaniu otwartego dost\u0119pu do publikacji uczelnianych<\/td>\n<\/tr>\n<tr>\n<td>10:25\u201310:30<\/td>\n<td>Agnieszka Goszczy\u0144ska: Otwarty UMed \u2013 badania, projekty, wyzwania<\/td>\n<\/tr>\n<tr>\n<td>10:30\u201310:45<\/td>\n<td><span style=\"color: #3366ff;\">BPP (sponsor)<\/span><\/td>\n<\/tr>\n<tr>\n<td>10:45\u201311:00<\/td>\n<td>Dyskusja<\/td>\n<\/tr>\n<tr>\n<td>\n<p><span style=\"color: #339966;\">11:00\u201311:30<\/span><\/p>\n<\/td>\n<td>\n<p><span style=\"color: #339966;\">Przerwa kawowa<\/span><\/p>\n<\/td>\n<\/tr>\n<tr>\n<td><strong>11:30\u201313:15<\/strong><\/td>\n<td><strong>Sesja VI \u2013 <\/strong><strong>Biblioteki w przysz\u0142o\u015bci i dla przysz\u0142o\u015bci <\/strong>\u2013 moderator: Tomasz Piestrzy\u0144ski<\/td>\n<\/tr>\n<tr>\n<td>11:30\u201311:50<\/td>\n<td>dr hab. Artur Jazdon: Co nas mo\u017ce czeka\u0107 w przysz\u0142o\u015bci? Wprowadzenie do dyskusji<\/td>\n<\/tr>\n<tr>\n<td>11:50\u201312:10<\/td>\n<td>Barbara Szczepa\u0144ska: Nic o nas bez nas \u2013 rola bibliotek w rzecznictwie i tworzeniu polityki opartej na faktach<\/td>\n<\/tr>\n<tr>\n<td>12:10\u201312:25<\/td>\n<td>Monika Cury\u0142o: Inteligentna biblioteka, inteligentny bibliotekarz, inteligentny czytelnik<\/td>\n<\/tr>\n<tr>\n<td>12:25\u201312:55<\/td>\n<td>Dyskusja<\/td>\n<\/tr>\n<tr>\n<td>12:55\u201313:00<\/td>\n<td>Magdalena Kokosi\u0144ska: Odjazdowy Bibliotekarz \u2013 ilo\u015b\u0107 znaczy jako\u015b\u0107!<\/td>\n<\/tr>\n<tr>\n<td>13:00\u201313:15<\/td>\n<td>Podsumowanie konferencji, wnioski ko\u0144cowe<\/td>\n<\/tr>\n<tr>\n<td><span style=\"color: #339966;\">13:15-14:15<\/span><\/td>\n<td><span style=\"color: #339966;\">Obiad<\/span><\/td>\n<\/tr>\n<\/tbody>\n<\/table>","protected":false},"excerpt":{"rendered":"<p>\t\t\t\t<![CDATA[]]>\t\t<\/p>\n","protected":false},"author":2,"featured_media":0,"parent":357,"menu_order":0,"comment_status":"closed","ping_status":"closed","template":"","meta":{"footnotes":""},"class_list":["post-664","page","type-page","status-publish","hentry"],"_links":{"self":[{"href":"https:\/\/1kbsw.p.lodz.pl\/index.php?rest_route=\/wp\/v2\/pages\/664","targetHints":{"allow":["GET"]}}],"collection":[{"href":"https:\/\/1kbsw.p.lodz.pl\/index.php?rest_route=\/wp\/v2\/pages"}],"about":[{"href":"https:\/\/1kbsw.p.lodz.pl\/index.php?rest_route=\/wp\/v2\/types\/page"}],"author":[{"embeddable":true,"href":"https:\/\/1kbsw.p.lodz.pl\/index.php?rest_route=\/wp\/v2\/users\/2"}],"replies":[{"embeddable":true,"href":"https:\/\/1kbsw.p.lodz.pl\/index.php?rest_route=%2Fwp%2Fv2%2Fcomments&post=664"}],"version-history":[{"count":117,"href":"https:\/\/1kbsw.p.lodz.pl\/index.php?rest_route=\/wp\/v2\/pages\/664\/revisions"}],"predecessor-version":[{"id":3204,"href":"https:\/\/1kbsw.p.lodz.pl\/index.php?rest_route=\/wp\/v2\/pages\/664\/revisions\/3204"}],"up":[{"embeddable":true,"href":"https:\/\/1kbsw.p.lodz.pl\/index.php?rest_route=\/wp\/v2\/pages\/357"}],"wp:attachment":[{"href":"https:\/\/1kbsw.p.lodz.pl\/index.php?rest_route=%2Fwp%2Fv2%2Fmedia&parent=664"}],"curies":[{"name":"wp","href":"https:\/\/api.w.org\/{rel}","templated":true}]}}